{"id":315,"date":"2016-08-17T12:32:35","date_gmt":"2016-08-17T10:32:35","guid":{"rendered":"https:\/\/ontwikkel.helenhelpt.nl\/product\/dit-is-lean-2\/"},"modified":"2022-10-31T09:43:06","modified_gmt":"2022-10-31T08:43:06","slug":"dit-is-lean-2","status":"publish","type":"product","link":"https:\/\/www.leanteam.nl\/en\/product\/dit-is-lean-2\/","title":{"rendered":"Dit is Lean &#8211; Dutch"},"content":{"rendered":"<p>The Swedish bestseller from Niklas M\u00f6dig and Par Ahlstr\u00f6m is now available in Dutch.<\/p>\n<p>Ahlstr\u00f6m and M\u00f6dig have made the philosophy of Toyota assessable in an easy to understand manner. NOT focused on waste reduction, but increasing the FLOW efficiency. A paradox most managers do not succeed in.<\/p>\n","protected":false},"excerpt":{"rendered":"<p>The Swedish bestseller from Niklas M\u00f6dig and Par Ahlstr\u00f6m is now available in Dutch. Ahlstr\u00f6m and M\u00f6dig have made the philosophy of Toyota assessable in an easy to understand manner. NOT focused on waste reduction, but increasing the FLOW efficiency. A paradox most managers do not succeed in.<\/p>\n","protected":false},"featured_media":298,"comment_status":"open","ping_status":"closed","template":"","meta":{"_et_pb_use_builder":"","_et_pb_old_content":"","_et_gb_content_width":""},"product_brand":[],"product_cat":[15],"product_tag":[],"class_list":{"0":"post-315","1":"product","2":"type-product","3":"status-publish","4":"has-post-thumbnail","6":"product_cat-books","8":"first","9":"instock","10":"taxable","11":"shipping-taxable","12":"purchasable","13":"product-type-simple"},"yoast_head":"<!-- This site is optimized with the Yoast SEO plugin v27.3 - https:\/\/yoast.com\/product\/yoast-seo-wordpress\/ -->\n<title>Dit is Lean - Dutch - LeanTeam | Founders van QRM<\/title>\n<meta name=\"robots\" content=\"index, follow, max-snippet:-1, max-image-preview:large, max-video-preview:-1\" \/>\n<link rel=\"canonical\" href=\"https:\/\/www.leanteam.nl\/en\/product\/dit-is-lean-2\/\" \/>\n<meta property=\"og:locale\" content=\"en_US\" \/>\n<meta property=\"og:type\" content=\"article\" \/>\n<meta property=\"og:title\" content=\"Dit is Lean - Dutch - LeanTeam | Founders van QRM\" \/>\n<meta property=\"og:description\" content=\"The Swedish bestseller from Niklas M\u00f6dig and Par Ahlstr\u00f6m is now available in Dutch. Ahlstr\u00f6m and M\u00f6dig have made the philosophy of Toyota assessable in an easy to understand manner. NOT focused on waste reduction, but increasing the FLOW efficiency. A paradox most managers do not succeed in.\" \/>\n<meta property=\"og:url\" content=\"https:\/\/www.leanteam.nl\/en\/product\/dit-is-lean-2\/\" \/>\n<meta property=\"og:site_name\" content=\"LeanTeam | Founders van QRM\" \/>\n<meta property=\"article:modified_time\" content=\"2022-10-31T08:43:06+00:00\" \/>\n<meta property=\"og:image\" content=\"https:\/\/www.leanteam.nl\/wp-content\/uploads\/2016\/08\/book-3-600x600.png\" \/>\n\t<meta property=\"og:image:width\" content=\"600\" \/>\n\t<meta property=\"og:image:height\" content=\"600\" \/>\n\t<meta property=\"og:image:type\" content=\"image\/png\" \/>\n<meta name=\"twitter:card\" content=\"summary_large_image\" \/>\n<script type=\"application\/ld+json\" class=\"yoast-schema-graph\">{\"@context\":\"https:\\\/\\\/schema.org\",\"@graph\":[{\"@type\":\"WebPage\",\"@id\":\"https:\\\/\\\/www.leanteam.nl\\\/en\\\/product\\\/dit-is-lean-2\\\/\",\"url\":\"https:\\\/\\\/www.leanteam.nl\\\/en\\\/product\\\/dit-is-lean-2\\\/\",\"name\":\"Dit is Lean - Dutch - LeanTeam | Founders van QRM\",\"isPartOf\":{\"@id\":\"https:\\\/\\\/www.leanteam.nl\\\/#website\"},\"primaryImageOfPage\":{\"@id\":\"https:\\\/\\\/www.leanteam.nl\\\/en\\\/product\\\/dit-is-lean-2\\\/#primaryimage\"},\"image\":{\"@id\":\"https:\\\/\\\/www.leanteam.nl\\\/en\\\/product\\\/dit-is-lean-2\\\/#primaryimage\"},\"thumbnailUrl\":\"https:\\\/\\\/www.leanteam.nl\\\/wp-content\\\/uploads\\\/2016\\\/08\\\/book-3-600x600.png\",\"datePublished\":\"2016-08-17T10:32:35+00:00\",\"dateModified\":\"2022-10-31T08:43:06+00:00\",\"breadcrumb\":{\"@id\":\"https:\\\/\\\/www.leanteam.nl\\\/en\\\/product\\\/dit-is-lean-2\\\/#breadcrumb\"},\"inLanguage\":\"en-US\",\"potentialAction\":[{\"@type\":\"ReadAction\",\"target\":[\"https:\\\/\\\/www.leanteam.nl\\\/en\\\/product\\\/dit-is-lean-2\\\/\"]}]},{\"@type\":\"ImageObject\",\"inLanguage\":\"en-US\",\"@id\":\"https:\\\/\\\/www.leanteam.nl\\\/en\\\/product\\\/dit-is-lean-2\\\/#primaryimage\",\"url\":\"https:\\\/\\\/www.leanteam.nl\\\/wp-content\\\/uploads\\\/2016\\\/08\\\/book-3-600x600.png\",\"contentUrl\":\"https:\\\/\\\/www.leanteam.nl\\\/wp-content\\\/uploads\\\/2016\\\/08\\\/book-3-600x600.png\",\"width\":600,\"height\":600},{\"@type\":\"BreadcrumbList\",\"@id\":\"https:\\\/\\\/www.leanteam.nl\\\/en\\\/product\\\/dit-is-lean-2\\\/#breadcrumb\",\"itemListElement\":[{\"@type\":\"ListItem\",\"position\":1,\"name\":\"Home\",\"item\":\"https:\\\/\\\/www.leanteam.nl\\\/en\\\/\"},{\"@type\":\"ListItem\",\"position\":2,\"name\":\"Shop\",\"item\":\"https:\\\/\\\/www.leanteam.nl\\\/en\\\/shop\\\/\"},{\"@type\":\"ListItem\",\"position\":3,\"name\":\"Dit is Lean &#8211; Dutch\"}]},{\"@type\":\"WebSite\",\"@id\":\"https:\\\/\\\/www.leanteam.nl\\\/#website\",\"url\":\"https:\\\/\\\/www.leanteam.nl\\\/\",\"name\":\"LeanTeam | Founders van QRM\",\"description\":\"Processen worden beter als ze korter worden | QRM\",\"potentialAction\":[{\"@type\":\"SearchAction\",\"target\":{\"@type\":\"EntryPoint\",\"urlTemplate\":\"https:\\\/\\\/www.leanteam.nl\\\/?s={search_term_string}\"},\"query-input\":{\"@type\":\"PropertyValueSpecification\",\"valueRequired\":true,\"valueName\":\"search_term_string\"}}],\"inLanguage\":\"en-US\"}]}<\/script>\n<!-- \/ Yoast SEO plugin. -->","yoast_head_json":{"title":"Dit is Lean - Dutch - LeanTeam | Founders van QRM","robots":{"index":"index","follow":"follow","max-snippet":"max-snippet:-1","max-image-preview":"max-image-preview:large","max-video-preview":"max-video-preview:-1"},"canonical":"https:\/\/www.leanteam.nl\/en\/product\/dit-is-lean-2\/","og_locale":"en_US","og_type":"article","og_title":"Dit is Lean - Dutch - LeanTeam | Founders van QRM","og_description":"The Swedish bestseller from Niklas M\u00f6dig and Par Ahlstr\u00f6m is now available in Dutch. Ahlstr\u00f6m and M\u00f6dig have made the philosophy of Toyota assessable in an easy to understand manner. NOT focused on waste reduction, but increasing the FLOW efficiency. A paradox most managers do not succeed in.","og_url":"https:\/\/www.leanteam.nl\/en\/product\/dit-is-lean-2\/","og_site_name":"LeanTeam | Founders van QRM","article_modified_time":"2022-10-31T08:43:06+00:00","og_image":[{"width":600,"height":600,"url":"https:\/\/www.leanteam.nl\/wp-content\/uploads\/2016\/08\/book-3-600x600.png","type":"image\/png"}],"twitter_card":"summary_large_image","schema":{"@context":"https:\/\/schema.org","@graph":[{"@type":"WebPage","@id":"https:\/\/www.leanteam.nl\/en\/product\/dit-is-lean-2\/","url":"https:\/\/www.leanteam.nl\/en\/product\/dit-is-lean-2\/","name":"Dit is Lean - Dutch - LeanTeam | Founders van QRM","isPartOf":{"@id":"https:\/\/www.leanteam.nl\/#website"},"primaryImageOfPage":{"@id":"https:\/\/www.leanteam.nl\/en\/product\/dit-is-lean-2\/#primaryimage"},"image":{"@id":"https:\/\/www.leanteam.nl\/en\/product\/dit-is-lean-2\/#primaryimage"},"thumbnailUrl":"https:\/\/www.leanteam.nl\/wp-content\/uploads\/2016\/08\/book-3-600x600.png","datePublished":"2016-08-17T10:32:35+00:00","dateModified":"2022-10-31T08:43:06+00:00","breadcrumb":{"@id":"https:\/\/www.leanteam.nl\/en\/product\/dit-is-lean-2\/#breadcrumb"},"inLanguage":"en-US","potentialAction":[{"@type":"ReadAction","target":["https:\/\/www.leanteam.nl\/en\/product\/dit-is-lean-2\/"]}]},{"@type":"ImageObject","inLanguage":"en-US","@id":"https:\/\/www.leanteam.nl\/en\/product\/dit-is-lean-2\/#primaryimage","url":"https:\/\/www.leanteam.nl\/wp-content\/uploads\/2016\/08\/book-3-600x600.png","contentUrl":"https:\/\/www.leanteam.nl\/wp-content\/uploads\/2016\/08\/book-3-600x600.png","width":600,"height":600},{"@type":"BreadcrumbList","@id":"https:\/\/www.leanteam.nl\/en\/product\/dit-is-lean-2\/#breadcrumb","itemListElement":[{"@type":"ListItem","position":1,"name":"Home","item":"https:\/\/www.leanteam.nl\/en\/"},{"@type":"ListItem","position":2,"name":"Shop","item":"https:\/\/www.leanteam.nl\/en\/shop\/"},{"@type":"ListItem","position":3,"name":"Dit is Lean &#8211; Dutch"}]},{"@type":"WebSite","@id":"https:\/\/www.leanteam.nl\/#website","url":"https:\/\/www.leanteam.nl\/","name":"LeanTeam | Founders van QRM","description":"Processen worden beter als ze korter worden | QRM","potentialAction":[{"@type":"SearchAction","target":{"@type":"EntryPoint","urlTemplate":"https:\/\/www.leanteam.nl\/?s={search_term_string}"},"query-input":{"@type":"PropertyValueSpecification","valueRequired":true,"valueName":"search_term_string"}}],"inLanguage":"en-US"}]}},"_links":{"self":[{"href":"https:\/\/www.leanteam.nl\/en\/wp-json\/wp\/v2\/product\/315","targetHints":{"allow":["GET"]}}],"collection":[{"href":"https:\/\/www.leanteam.nl\/en\/wp-json\/wp\/v2\/product"}],"about":[{"href":"https:\/\/www.leanteam.nl\/en\/wp-json\/wp\/v2\/types\/product"}],"replies":[{"embeddable":true,"href":"https:\/\/www.leanteam.nl\/en\/wp-json\/wp\/v2\/comments?post=315"}],"wp:featuredmedia":[{"embeddable":true,"href":"https:\/\/www.leanteam.nl\/en\/wp-json\/wp\/v2\/media\/298"}],"wp:attachment":[{"href":"https:\/\/www.leanteam.nl\/en\/wp-json\/wp\/v2\/media?parent=315"}],"wp:term":[{"taxonomy":"product_brand","embeddable":true,"href":"https:\/\/www.leanteam.nl\/en\/wp-json\/wp\/v2\/product_brand?post=315"},{"taxonomy":"product_cat","embeddable":true,"href":"https:\/\/www.leanteam.nl\/en\/wp-json\/wp\/v2\/product_cat?post=315"},{"taxonomy":"product_tag","embeddable":true,"href":"https:\/\/www.leanteam.nl\/en\/wp-json\/wp\/v2\/product_tag?post=315"}],"curies":[{"name":"wp","href":"https:\/\/api.w.org\/{rel}","templated":true}]}}