{"id":357,"date":"2016-08-18T13:24:32","date_gmt":"2016-08-18T11:24:32","guid":{"rendered":"https:\/\/ontwikkel.helenhelpt.nl\/product\/this-is-lean-english\/"},"modified":"2022-11-22T14:50:47","modified_gmt":"2022-11-22T13:50:47","slug":"this-is-lean-english","status":"publish","type":"product","link":"https:\/\/www.leanteam.nl\/en\/product\/this-is-lean-english\/","title":{"rendered":"This is Lean &#8211; English"},"content":{"rendered":"<p>The Swedish bestseller from Niklas M\u00f6dig and Par Ahlstr\u00f6m.<\/p>\n<p>Ahlstr\u00f6m and M\u00f6dig have made the philosophy of Toyota assessable in an easy to understand manner. NOT focused on waste reduction, but increasing the FLOW efficiency. A paradox most managers do not succeed in.<\/p>\n","protected":false},"excerpt":{"rendered":"<p>The Swedish bestseller from Niklas M\u00f6dig and Par Ahlstr\u00f6m. Ahlstr\u00f6m and M\u00f6dig have made the philosophy of Toyota assessable in an easy to understand manner. NOT focused on waste reduction, but increasing the FLOW efficiency. A paradox most managers do not succeed in.<\/p>\n","protected":false},"featured_media":355,"comment_status":"open","ping_status":"closed","template":"","meta":{"_et_pb_use_builder":"","_et_pb_old_content":"","_et_gb_content_width":""},"product_brand":[],"product_cat":[15],"product_tag":[],"class_list":{"0":"post-357","1":"product","2":"type-product","3":"status-publish","4":"has-post-thumbnail","6":"product_cat-books","8":"first","9":"instock","10":"taxable","11":"shipping-taxable","12":"purchasable","13":"product-type-simple"},"yoast_head":"<!-- This site is optimized with the Yoast SEO plugin v27.2 - https:\/\/yoast.com\/product\/yoast-seo-wordpress\/ -->\n<title>This is Lean - English - LeanTeam | Founders van QRM<\/title>\n<meta name=\"robots\" content=\"index, follow, max-snippet:-1, max-image-preview:large, max-video-preview:-1\" \/>\n<link rel=\"canonical\" href=\"https:\/\/www.leanteam.nl\/en\/product\/this-is-lean-english\/\" \/>\n<meta property=\"og:locale\" content=\"en_US\" \/>\n<meta property=\"og:type\" content=\"article\" \/>\n<meta property=\"og:title\" content=\"This is Lean - English - LeanTeam | Founders van QRM\" \/>\n<meta property=\"og:description\" content=\"The Swedish bestseller from Niklas M\u00f6dig and Par Ahlstr\u00f6m. Ahlstr\u00f6m and M\u00f6dig have made the philosophy of Toyota assessable in an easy to understand manner. NOT focused on waste reduction, but increasing the FLOW efficiency. A paradox most managers do not succeed in.\" \/>\n<meta property=\"og:url\" content=\"https:\/\/www.leanteam.nl\/en\/product\/this-is-lean-english\/\" \/>\n<meta property=\"og:site_name\" content=\"LeanTeam | Founders van QRM\" \/>\n<meta property=\"article:modified_time\" content=\"2022-11-22T13:50:47+00:00\" \/>\n<meta property=\"og:image\" content=\"https:\/\/www.leanteam.nl\/wp-content\/uploads\/2016\/08\/this-is-lean.png\" \/>\n\t<meta property=\"og:image:width\" content=\"600\" \/>\n\t<meta property=\"og:image:height\" content=\"600\" \/>\n\t<meta property=\"og:image:type\" content=\"image\/png\" \/>\n<meta name=\"twitter:card\" content=\"summary_large_image\" \/>\n<script type=\"application\/ld+json\" class=\"yoast-schema-graph\">{\"@context\":\"https:\/\/schema.org\",\"@graph\":[{\"@type\":\"WebPage\",\"@id\":\"https:\/\/www.leanteam.nl\/en\/product\/this-is-lean-english\/\",\"url\":\"https:\/\/www.leanteam.nl\/en\/product\/this-is-lean-english\/\",\"name\":\"This is Lean - English - LeanTeam | Founders van QRM\",\"isPartOf\":{\"@id\":\"https:\/\/www.leanteam.nl\/#website\"},\"primaryImageOfPage\":{\"@id\":\"https:\/\/www.leanteam.nl\/en\/product\/this-is-lean-english\/#primaryimage\"},\"image\":{\"@id\":\"https:\/\/www.leanteam.nl\/en\/product\/this-is-lean-english\/#primaryimage\"},\"thumbnailUrl\":\"https:\/\/www.leanteam.nl\/wp-content\/uploads\/2016\/08\/this-is-lean.png\",\"datePublished\":\"2016-08-18T11:24:32+00:00\",\"dateModified\":\"2022-11-22T13:50:47+00:00\",\"breadcrumb\":{\"@id\":\"https:\/\/www.leanteam.nl\/en\/product\/this-is-lean-english\/#breadcrumb\"},\"inLanguage\":\"en-US\",\"potentialAction\":[{\"@type\":\"ReadAction\",\"target\":[\"https:\/\/www.leanteam.nl\/en\/product\/this-is-lean-english\/\"]}]},{\"@type\":\"ImageObject\",\"inLanguage\":\"en-US\",\"@id\":\"https:\/\/www.leanteam.nl\/en\/product\/this-is-lean-english\/#primaryimage\",\"url\":\"https:\/\/www.leanteam.nl\/wp-content\/uploads\/2016\/08\/this-is-lean.png\",\"contentUrl\":\"https:\/\/www.leanteam.nl\/wp-content\/uploads\/2016\/08\/this-is-lean.png\",\"width\":600,\"height\":600},{\"@type\":\"BreadcrumbList\",\"@id\":\"https:\/\/www.leanteam.nl\/en\/product\/this-is-lean-english\/#breadcrumb\",\"itemListElement\":[{\"@type\":\"ListItem\",\"position\":1,\"name\":\"Home\",\"item\":\"https:\/\/www.leanteam.nl\/en\/\"},{\"@type\":\"ListItem\",\"position\":2,\"name\":\"Shop\",\"item\":\"https:\/\/www.leanteam.nl\/en\/shop\/\"},{\"@type\":\"ListItem\",\"position\":3,\"name\":\"This is Lean &#8211; English\"}]},{\"@type\":\"WebSite\",\"@id\":\"https:\/\/www.leanteam.nl\/#website\",\"url\":\"https:\/\/www.leanteam.nl\/\",\"name\":\"LeanTeam | Founders van QRM\",\"description\":\"Processen worden beter als ze korter worden | QRM\",\"potentialAction\":[{\"@type\":\"SearchAction\",\"target\":{\"@type\":\"EntryPoint\",\"urlTemplate\":\"https:\/\/www.leanteam.nl\/?s={search_term_string}\"},\"query-input\":{\"@type\":\"PropertyValueSpecification\",\"valueRequired\":true,\"valueName\":\"search_term_string\"}}],\"inLanguage\":\"en-US\"}]}<\/script>\n<!-- \/ Yoast SEO plugin. -->","yoast_head_json":{"title":"This is Lean - English - LeanTeam | Founders van QRM","robots":{"index":"index","follow":"follow","max-snippet":"max-snippet:-1","max-image-preview":"max-image-preview:large","max-video-preview":"max-video-preview:-1"},"canonical":"https:\/\/www.leanteam.nl\/en\/product\/this-is-lean-english\/","og_locale":"en_US","og_type":"article","og_title":"This is Lean - English - LeanTeam | Founders van QRM","og_description":"The Swedish bestseller from Niklas M\u00f6dig and Par Ahlstr\u00f6m. Ahlstr\u00f6m and M\u00f6dig have made the philosophy of Toyota assessable in an easy to understand manner. NOT focused on waste reduction, but increasing the FLOW efficiency. A paradox most managers do not succeed in.","og_url":"https:\/\/www.leanteam.nl\/en\/product\/this-is-lean-english\/","og_site_name":"LeanTeam | Founders van QRM","article_modified_time":"2022-11-22T13:50:47+00:00","og_image":[{"width":600,"height":600,"url":"https:\/\/www.leanteam.nl\/wp-content\/uploads\/2016\/08\/this-is-lean.png","type":"image\/png"}],"twitter_card":"summary_large_image","schema":{"@context":"https:\/\/schema.org","@graph":[{"@type":"WebPage","@id":"https:\/\/www.leanteam.nl\/en\/product\/this-is-lean-english\/","url":"https:\/\/www.leanteam.nl\/en\/product\/this-is-lean-english\/","name":"This is Lean - English - LeanTeam | Founders van QRM","isPartOf":{"@id":"https:\/\/www.leanteam.nl\/#website"},"primaryImageOfPage":{"@id":"https:\/\/www.leanteam.nl\/en\/product\/this-is-lean-english\/#primaryimage"},"image":{"@id":"https:\/\/www.leanteam.nl\/en\/product\/this-is-lean-english\/#primaryimage"},"thumbnailUrl":"https:\/\/www.leanteam.nl\/wp-content\/uploads\/2016\/08\/this-is-lean.png","datePublished":"2016-08-18T11:24:32+00:00","dateModified":"2022-11-22T13:50:47+00:00","breadcrumb":{"@id":"https:\/\/www.leanteam.nl\/en\/product\/this-is-lean-english\/#breadcrumb"},"inLanguage":"en-US","potentialAction":[{"@type":"ReadAction","target":["https:\/\/www.leanteam.nl\/en\/product\/this-is-lean-english\/"]}]},{"@type":"ImageObject","inLanguage":"en-US","@id":"https:\/\/www.leanteam.nl\/en\/product\/this-is-lean-english\/#primaryimage","url":"https:\/\/www.leanteam.nl\/wp-content\/uploads\/2016\/08\/this-is-lean.png","contentUrl":"https:\/\/www.leanteam.nl\/wp-content\/uploads\/2016\/08\/this-is-lean.png","width":600,"height":600},{"@type":"BreadcrumbList","@id":"https:\/\/www.leanteam.nl\/en\/product\/this-is-lean-english\/#breadcrumb","itemListElement":[{"@type":"ListItem","position":1,"name":"Home","item":"https:\/\/www.leanteam.nl\/en\/"},{"@type":"ListItem","position":2,"name":"Shop","item":"https:\/\/www.leanteam.nl\/en\/shop\/"},{"@type":"ListItem","position":3,"name":"This is Lean &#8211; English"}]},{"@type":"WebSite","@id":"https:\/\/www.leanteam.nl\/#website","url":"https:\/\/www.leanteam.nl\/","name":"LeanTeam | Founders van QRM","description":"Processen worden beter als ze korter worden | QRM","potentialAction":[{"@type":"SearchAction","target":{"@type":"EntryPoint","urlTemplate":"https:\/\/www.leanteam.nl\/?s={search_term_string}"},"query-input":{"@type":"PropertyValueSpecification","valueRequired":true,"valueName":"search_term_string"}}],"inLanguage":"en-US"}]}},"_links":{"self":[{"href":"https:\/\/www.leanteam.nl\/en\/wp-json\/wp\/v2\/product\/357","targetHints":{"allow":["GET"]}}],"collection":[{"href":"https:\/\/www.leanteam.nl\/en\/wp-json\/wp\/v2\/product"}],"about":[{"href":"https:\/\/www.leanteam.nl\/en\/wp-json\/wp\/v2\/types\/product"}],"replies":[{"embeddable":true,"href":"https:\/\/www.leanteam.nl\/en\/wp-json\/wp\/v2\/comments?post=357"}],"wp:featuredmedia":[{"embeddable":true,"href":"https:\/\/www.leanteam.nl\/en\/wp-json\/wp\/v2\/media\/355"}],"wp:attachment":[{"href":"https:\/\/www.leanteam.nl\/en\/wp-json\/wp\/v2\/media?parent=357"}],"wp:term":[{"taxonomy":"product_brand","embeddable":true,"href":"https:\/\/www.leanteam.nl\/en\/wp-json\/wp\/v2\/product_brand?post=357"},{"taxonomy":"product_cat","embeddable":true,"href":"https:\/\/www.leanteam.nl\/en\/wp-json\/wp\/v2\/product_cat?post=357"},{"taxonomy":"product_tag","embeddable":true,"href":"https:\/\/www.leanteam.nl\/en\/wp-json\/wp\/v2\/product_tag?post=357"}],"curies":[{"name":"wp","href":"https:\/\/api.w.org\/{rel}","templated":true}]}}